{"id":106,"date":"2013-12-17T14:15:59","date_gmt":"2013-12-17T12:15:59","guid":{"rendered":"http:\/\/www.novelsmmigratom.tuiasi.ro\/?page_id=106"},"modified":"2014-11-27T15:10:00","modified_gmt":"2014-11-27T13:10:00","slug":"logistica","status":"publish","type":"page","link":"http:\/\/www.novelsmmigratom.tuiasi.ro\/?page_id=106","title":{"rendered":"Logistic\u0103"},"content":{"rendered":"<p style=\"text-align: justify;\" align=\"justify\"><strong>Logistic\u0103<\/strong><\/p>\n<p style=\"text-align: justify;\" align=\"justify\"><b>a) Echipamente <\/b><\/p>\n<p align=\"justify\">1. Cuptor de induc\u0163ie de \u00eenalt\u0103 frecven\u0163\u0103, cu capacitatea de topire de 200 g, puterea de 25 kW, frecven\u0163a de lucru 30-100 kHz, temperatura maxim\u0103 1600\u00b0C \u015fi butelie de argon de 10 m\u00b3, achizi\u0163ionate \u00een 2006;<br \/>\n2. Cuptor de induc\u021bie de medie frecven\u0163\u0103, VEM Inducal Gollingen, cu capacitatea de 20 Kg, puterea de 30 kW \u015fi frecven\u0163a de lucru 8 KHz;<br \/>\n3. Spectrometru de emisie optic\u0103, FOUNDRY MASTER, cu 5 baze de m\u0103surare (Fe, Cu, Al, Sn \u015fi Ti), cu software WASLAB achizi\u0163ionat \u00een 2006;<br \/>\n4. Cuptor cu bare de silit\u0103;<br \/>\n5. Ciocan de forjare liber\u0103;<br \/>\n6. Microscop metalografic optic cu fluorescen\u0163\u0103, IOR, tip MC 9;<br \/>\n7. Instala\u0163ie de \u015flefuire-lustruire a probelor metalografice;<br \/>\n8. Microscop electronic cu baleiaj TESLA BS 300;<br \/>\n9. Derivatograf MOM-Budapesta 015000, cu creuzete din platina \u015fi diverse substan\u0163e etalon;<br \/>\n10. Aparate foto SAMSUNG \u015fi camere video digitale CANON;<br \/>\n11. Dilatometru orizontal PLATINUM SERIES, L75Hx1600 LINSEIS, max. 1400 \u00b0C, 0,1-50 grd\/min, \u00b1 25-2500 mm, software WINDIL, achizi\u0163ionat \u00een 2006;<br \/>\n12. Balan\u0163e analitice pentru dozarea componentelor aliajelor;<br \/>\n13. Truse de scule;<br \/>\n14. Aparat de sudur\u0103;<br \/>\n15. Laminor experimental;<br \/>\n16. Instala\u0163ie hidraulic\u0103, de testare a senzorilor din AMF, dotat\u0103 cu termorezisten\u0163\u0103, traductor de presiune \u015fi card de achizi\u0163ie a datelor;<br \/>\n17. Ma\u015fin\u0103 de \u00eencercat la trac\u0163iune INSTRON, achizi\u0163ionat\u0103 \u00een 2006;<br \/>\n18. Difractometru de raze X, DRON 3.2, cu anozi de Cu, Mo \u015fi Fe.<\/p>\n<p align=\"justify\"><b>b) Infrastructura de tehnic\u0103 de calcul <\/b><\/p>\n<p align=\"justify\">1. Re\u0163ea compus\u0103 din server \u015fi 8 calculatoare Pentium IV cuplate la INTERNET, achizi\u0163ionat\u0103 \u00een 2007;<br \/>\n2. Scanner HP 2400;<br \/>\n3. Imprimante Lexmark P 700 \u015fi Brother 2400;<br \/>\n4. Tuner TV Leadteck, pentru captur\u0103 de imagine;<br \/>\n5. Software: Microsoft Office Student and Teacher 2003, Windows XP professional, Origin 600, Lab VIEW.<\/p>\n<p align=\"justify\"><b>c) Facilit\u0103\u0163i de cercetare<\/b><\/p>\n<p align=\"justify\">1. Laborator de turnarea metalelor, dotat cu dispozitive (forme de turnare, cle\u015fti, etc.) \u015fi materiale (nisip de turnare, etc.) auxiliare;<br \/>\n2. Laborator de tratamente termice, dotat cu b\u0103i de c\u0103lire \u015fi standuri de depozitare a probelor tratate;<br \/>\n3. Laborator de deformare plastic\u0103, dotat cu cuptor de \u00eenc\u0103lzire a pieselor, instala\u0163ie experimental\u0103 de trefilare, cu filier\u0103 activat\u0103 ultrasonor \u015fi instala\u0163ie experimental\u0103 de laminare la cald cu c\u0103lire instantanee;<br \/>\n4. Laborator de MATERIALE AVANSATE, dotat cu instala\u0163ii experimentale specializate pentru: (1) laminare la cald, cu c\u0103lire instantanee, (2) educare la \u00eencovoiere sub sarcin\u0103, (3) micro-ohmmetru digital cu dispozitiv de \u00eenc\u0103lzire, pentru analiza termic\u0103 rezistiv\u0103, (4) inscriptoare pentru trasarea curbelor deplasare-temperatur\u0103 \u015fi rezisten\u0163\u0103 electric\u0103-temperatur\u0103;<br \/>\n5. Ni\u015f\u0103 exhaustoare \u015fi reactivi chimici pentru atacul chimic al probelor metalografice;<br \/>\n6. Laborator foto;<br \/>\n7. Dispozitive experimentale pentru alungirea-fixarea probelor lamelare, \u00een vederea analizei metalografice optice \u015fi prin difrac\u0163ie de raze X \u00een stare tensionat\u0103;<br \/>\n8. Trus\u0103 de curent alternativ (1mA-10 kA) sau continuu (1mA-1 kA).<\/p>\n<p align=\"justify\"><b>d) Achizi\u021bie echipamente<\/b><\/p>\n<p align=\"justify\">1. Analizor dinamo-mecanic DMA 242 Artemis, achizi\u021bionat \u00een etapa II\/2014<\/p>\n","protected":false},"excerpt":{"rendered":"<p>Logistic\u0103 a) Echipamente 1. Cuptor de induc\u0163ie de \u00eenalt\u0103 frecven\u0163\u0103, cu capacitatea de topire de 200 g, puterea de 25 kW, frecven\u0163a de lucru 30-100 kHz, temperatura maxim\u0103 1600\u00b0C \u015fi butelie de argon de 10 m\u00b3, achizi\u0163ionate \u00een 2006; 2. Cuptor de induc\u021bie de medie frecven\u0163\u0103, VEM Inducal Gollingen, cu capacitatea de 20 Kg, puterea [&hellip;]<\/p>\n","protected":false},"author":1,"featured_media":0,"parent":0,"menu_order":2,"comment_status":"closed","ping_status":"closed","template":"","meta":[],"_links":{"self":[{"href":"http:\/\/www.novelsmmigratom.tuiasi.ro\/index.php?rest_route=\/wp\/v2\/pages\/106"}],"collection":[{"href":"http:\/\/www.novelsmmigratom.tuiasi.ro\/index.php?rest_route=\/wp\/v2\/pages"}],"about":[{"href":"http:\/\/www.novelsmmigratom.tuiasi.ro\/index.php?rest_route=\/wp\/v2\/types\/page"}],"author":[{"embeddable":true,"href":"http:\/\/www.novelsmmigratom.tuiasi.ro\/index.php?rest_route=\/wp\/v2\/users\/1"}],"replies":[{"embeddable":true,"href":"http:\/\/www.novelsmmigratom.tuiasi.ro\/index.php?rest_route=%2Fwp%2Fv2%2Fcomments&post=106"}],"version-history":[{"count":25,"href":"http:\/\/www.novelsmmigratom.tuiasi.ro\/index.php?rest_route=\/wp\/v2\/pages\/106\/revisions"}],"predecessor-version":[{"id":199,"href":"http:\/\/www.novelsmmigratom.tuiasi.ro\/index.php?rest_route=\/wp\/v2\/pages\/106\/revisions\/199"}],"wp:attachment":[{"href":"http:\/\/www.novelsmmigratom.tuiasi.ro\/index.php?rest_route=%2Fwp%2Fv2%2Fmedia&parent=106"}],"curies":[{"name":"wp","href":"https:\/\/api.w.org\/{rel}","templated":true}]}}