{"id":171,"date":"2014-11-27T11:42:03","date_gmt":"2014-11-27T09:42:03","guid":{"rendered":"http:\/\/www.novelsmmigratom.tuiasi.ro\/?page_id=171"},"modified":"2016-11-26T22:03:56","modified_gmt":"2016-11-26T20:03:56","slug":"diseminare","status":"publish","type":"page","link":"http:\/\/www.novelsmmigratom.tuiasi.ro\/?page_id=171","title":{"rendered":"Diseminare"},"content":{"rendered":"<p align=\"center\"><b>Lucr\u0103ri publicate<\/b><b><\/b><\/p>\n<ol>\n<li style=\"text-align: justify;\">\u00a0B. PRICOP, B. \u00d6ZKAL, U. S\u00d6YLER, J. VAN HUMBEECK, N. M. LOHAN, M. G. SURU, L.-G. BUJOREANU, <i>Influence of mechanically alloyed fraction and hot rolling temperature in the last pass on the structure of Fe-14Mn-6Si-9Cr-5Ni (mass. %) shape memory alloys processed by powder metallurgy<\/i>, <b>Optoelectronics and Advanced Materials \u2013 Rapid Communications<\/b>, Vol. 8, No. 3-4, 2014, p. 247 \u2013 250, ISSN 1842-6573, <b>FACTOR DE IMPACT: 0,402<\/b><\/li>\n<li style=\"text-align: justify;\">M.-G. SURU, C. MORO\u0218ANU, L.-G. BUJOREANU, <i>Variation tendencies of shape memory alloys surface relief as a function of training-cycling parameters<\/i><b>, Journal of Optoelectronics and Advanced Materials<\/b>, Vol. 16, No. 3-4, 2014, pp. 394-400,\u00a0 ISSN 1842-6573, <b>FACTOR DE IMPACT: 0,516<\/b><\/li>\n<li style=\"text-align: justify;\">Nicoleta-Monica Lohan, Marius-Gabriel Suru, Bogdan Pricop, and Leandru-Gheorghe Bujoreanu, <i>Cooling rate effects on the structure and transformation behavior of Cu-Zn-Al shape memory al<\/i>loys, <b>International Journal of Minerals, Metallurgy and Materials<\/b>, 21(11), 2014, pp. 1109-1114, DOI: 10.1007\/s12613-014-1015-5, ISSN 1674-4799, <b>FACTOR DE IMPACT: 0,483<\/b><\/li>\n<li style=\"text-align: justify;\">Bogdan PRICOP, Nicoleta Monica LOHAN, Firu\u021ba BORZA, Nicoleta LUPU, Marius-Gabriel SURU, Elena MIHALACHE, Radu Ioachim COM\u0102NECI, Leandru-Gheorghe BUJOREANU, <i>STRUCTURAL CHANGES ASSOCIATED WITH THE PSEUDOELASTIC RESPONSE OF Fe-BASED SHAPE MEMORY ALLOYS<\/i>, <b>THE ANNALS OF \u201cDUNAREA DE JOS\u201d UNIVERSITY OF GALATI<\/b>. FASCICLE IX. METALLURGY AND MATERIALS SCIENCE, N0. 3 \u2013 2014, ISSN 1453 \u2013 083X, pp. 20-25<\/li>\n<li style=\"text-align: justify;\">Elena MIHALACHE, Monica-Nicoleta LOHAN, Bogdan PRICOP, Leandru-Gheorghe BUJOREANU, Marius-Gabriel SURU, <i>COMPARATIVE CHARACTERISTICS OF MARTENSITE AND BAINITE IN Cu-BASED SMAS<\/i>, <b>THE ANNALS OF \u201cDUNAREA DE JOS\u201d UNIVERSITY OF GALATI<\/b>. FASCICLE IX. METALLURGY AND MATERIALS SCIENCE, N0. 3 \u2013 2014, ISSN 1453 \u2013 083X, pp. 36-40<\/li>\n<li style=\"text-align: justify;\">L G Bujoreanu, R I Com\u0103neci, G Gur\u0103u, N M Lohan, M G Suru, B Pricop, V Goan\u021b\u0103, V Mu\u0219at, B Istrate &amp; E Mihalache, <i>Thermomechanical training effects of multifunctional modules processed by high-speed high pressure torsion<\/i>, <b>Indian Journal of Engineering and Materials Sciences<\/b>, Vol 22(4), 2015, pp. 367-375, ISSN 0971-4588, <b><i>FACTOR DE IMPACT: 0,413<\/i><\/b><\/li>\n<li style=\"text-align: justify;\"><b><i><\/i><\/b>E. MIHALACHE, F. BORZA, N. LUPU, N. M. LOHAN, B. PRICOP, M.-G. SURU, L.-G. BUJOREANU, <i>Thermomechanical processing effects on the martensitic transformation in Fe-based SMAs<\/i>, <b>Journal of Optoelectronics and Advanced Materials<\/b>, 17(9-10), 2015, pp. 1344-1347, ISSN 1454-4164, <b><i>FACTOR DE IMPACT: 0,429<\/i><\/b><\/li>\n<li style=\"text-align: justify;\"><b><i><\/i><\/b>N. M. LOHAN, E. MIHALACHE, B. PRICOP, M.G. SURU, L.G. BUJOREANU, <i>A study of R-phase transition and temperature memory effect in a commercial Nitinol wire<\/i>, <b>Journal of Optoelectronics and Advanced Materials<\/b>, 17(9-10), 2015, pp. 1431-1436, ISSN 1454-4164, <b>IMPACT FACTOR: 0,429<\/b><\/li>\n<li style=\"text-align: justify;\"><b><\/b>L.G. BUJOREANU, <i>Development of shape memory and superelastic applications of some experimental alloys<\/i>, <b>Journal of Optoelectronics and Advanced Materials<\/b>, 17(9-10), 2015, pp. 1437-1443, ISSN 1454-4164, <b><i>FACTOR DE IMPACT: 0,429<\/i><\/b><\/li>\n<li style=\"text-align: justify;\"><b><i><\/i><\/b>L.-G. BUJOREANU, N. M. LOHAN, M.-G. SURU, A. PLESCA <i>Thermal analysis of eutectic alloy at HBC fuses<\/i>, <b>Journal of Optoelectronics and Advanced Materials<\/b>, 17(9-10), 2015, pp. 1500-1506, ISSN 1454-4164, <b><i>FACTOR DE IMPACT: 0,429<\/i><\/b><\/li>\n<li style=\"text-align: justify;\"><b><i><\/i><\/b>B. Pricop, U. S\u00f6yler, B. \u00d6zkal, M.G. Suru, N.M. Lohan, R.I. Com\u0103neci, N. Cimpoe\u0219u, V.Mu\u0219at, G. Gur\u0103u, B. Istrate, E. Mihalache, L.G. Bujoreanu, <i>A Study of Martensite Formation in Powder Metallurgy Fe-Mn-Si-Cr-Ni Shape Memory Alloys<\/i>, <b>Materials Today: Proceedings<\/b>, 2(S3), 2015, pp. S789 \u2013 S792, ISSN: 2214-7853, d.o.i. 10.1016\/j.matpr.2015.07.400<\/li>\n<li style=\"text-align: justify;\">M.G. Suru, C. Moro\u0219anu, R.I. Com\u0103neci, E. Mihalache, B. Pricop, N.M. Lohan, C. Baciu, L.G. Bujoreanu, <i>Comparative Evolution of Surface Relieves of Stress-Induced Martensite Plates in Shape Memory Alloys with Different Crystalline Structures<\/i>, <b>Materials Today: Proceedings<\/b>, 2(S3), 2015, pp. 957-960, ISSN: 2214-7853, d.o.i. 10.1016\/j.matpr.2015.07.440<\/li>\n<li style=\"text-align: justify;\">SPIRIDON I-P, LOHAN N-M, SURU M-G, MIHALACHE E., BUJOREANU L-G, PRICOP B., <i>Issledovanie svobodnogo vozvrata v Fe-Mn-Si-Cr splave s effektom pamiati formi<b>, <\/b><\/i><b>Metallovidenia i Termiceskaia Obrabotka Metallov<\/b>, 9(723), 2015, pp. 30-34, ISSN 0026-0819<\/li>\n<li style=\"text-align: justify;\"><span style=\"line-height: 1.5;\">PRICOP B, \u00d6ZKAL B, SOYLER U, VAN HUMBEECK J, LOHAN N-M, SURU M-G,SPIRIDON I-P, BUJOREANU L-G, <\/span><i style=\"line-height: 1.5;\">Structurnie izmenenia, v\u00e2zvanie v\u00e2sokotemperaturnoi v\u00e2der\u0219koi poro\u0219kovogo splava 66Fe-14Mn-6Si-9Cr-5Ni (mass %) s effektom pamiati formi,<\/i><b style=\"line-height: 1.5;\">Metallovidenia i Termiceskaia Obrabotka Metallov<\/b><span style=\"line-height: 1.5;\">, 9(723), 2015, pp. 35-40, ISSN 0026-0819<\/span><\/li>\n<li style=\"text-align: justify;\">I.-P. Spiridon N.-M. Lohan, M.-G. Suru, E. Mihalache, L.-G. Bujoreanu, and B. Pricop, <i>A study of free recovery in a Fe \u2013 Mn \u2013 Si \u2013 Cr shape memory alloy<\/i>, <b>Metal Science and Heat Treatment<\/b>, 57(9 \u2013 10), 2015, 548-552, ISSN 0026-0673, <b><i>Factor de impact pe 2015: 0,254.<\/i><\/b><\/li>\n<li style=\"text-align: justify;\"><b><i><\/i><\/b><span style=\"line-height: 1.5;\">B. Pricop, B. \u00d6zkal,U. S\u00f6yler,2 J. Van Humbeeck, N. M. Lohan, M.-G. Suru, I.-P. Spiridon, and L.-G. Bujoreanu, <\/span><i style=\"line-height: 1.5;\">Structural changes caused by high-temperature holding of powder shape memory alloy 66% Fe \u2013 14% Mn \u2013 6% Si \u2013 9% Cr \u2013 5% Ni<\/i><b style=\"line-height: 1.5;\">, Metal Science and Heat Treatment<\/b><span style=\"line-height: 1.5;\">, 57(9 \u2013 10), 2015, 553-558, ISSN 0026-0673, <\/span><b style=\"line-height: 1.5;\"><i>Factor de impact pe 2015: 0,254.<\/i><\/b><\/li>\n<li style=\"text-align: justify;\">M.-G. Suru, N.-M. Lohan, E. Mihalache, B. Pricop, M. Mocanu, L.-G. Bujoreanu, AFM <i>Evaluation of Pre-straining Degree Effects on the Dimensions of Stress Induced Martensite Plates in Fe-Mn-Si Based SMAs<\/i>, <b>Journal of Materials Engineering and Performance, <\/b>25(4), 2016, pp. 1562\u20131569, ISSN 1059-9495, <b><i>Factor de impact pe 2015: 1,094<\/i><\/b><\/li>\n<li style=\"text-align: justify;\"><b><i><\/i><\/b>Gigi Vitel, Bogdan Pricop, Marius-Gabriel Suru, Nicoleta Monica Lohan, Leandru-Gheorghe Bujoreanu, <i>Study of temperature memory effect during thermal cycling in hydraulic systems<\/i>, <b>Journal of Testing and Evaluation, <\/b>44(4) 2016, pp. 1525-1534, ISSN 0090-3973,<b> <i>Factor de impact pe 2015: 0,423.<\/i><\/b><\/li>\n<li style=\"text-align: justify;\">Bogdan Pricop, Elena Mihalache, Monica-Nicoleta Lohan, Bogdan Istrate, Mihai Mocanu, Burak Ozkal, Leandru-Gheorghe Bujoreanu, Powder metallurgy and mechanical alloying effects on the formation of thermally induced martensite in an FeMnSiCrNi SMA, <strong>ESOMAT 2015, MATEC Web of Conferences<\/strong>, 33, 04004 (2015), DOI: 10.1051\/ matecconf\/ 20153304004<\/li>\n<li style=\"text-align: justify;\">Elena Mihalache, Bogdan Pricop, Marius-Gabriel Suru, Nicoleta Monica Lohan, Radu Ioachim Com\u0103neci, Bogdan Istrate, Burak \u00d6zkal and Leandru-Gheorghe Bujoreanu, Factors influencing martensite transitions in Fe-based shape memory alloys, <strong>ESOMAT 2015, MATEC Web of Conferences<\/strong>, 33, 04002 (2015), DOI: 10.1051\/ matecconf\/ 20153304002<\/li>\n<li style=\"text-align: justify;\">Marius-Gabriel Suru, Nicoleta-Monica Lohan, Bogdan Pricop, Elena Mihalache, Mihai Mocanu, and Leandru-Gheorghe Bujoreanu, Precipitation Effects on the Martensitic Transformation in a Cu-Al-Ni Shape Memory Alloy,\u00a0<strong>JMEPEG<\/strong> (2016) 25:1562\u20131569<\/li>\n<\/ol>\n<p align=\"center\"><b>Participarea la manifest\u0103ri \u0219tiin\u021bifice<\/b><\/p>\n<ol>\n<li style=\"text-align: justify;\">participarea la <b>19th International Vacuum Congress<\/b>, <b>9-13 septembrie<\/b> 2013 <b>Paris<\/b>, unde a fost sus\u021binut\u0103 sub form\u0103 de poster lucrarea \u201e <i>Influence of solution treatment parameters on martensite plate morphology of a hot rolled powder metallurgy Fe-14Mn-6Si-9Cr-5Ni (mass. %) shape memory alloys<\/i>\u201d, autori Leandru-Gheorghe Bujoreanu, Iuliana Petru\u021ba Spiridon, Bogdan Pricop,, Burak Ozkal, Umut Soyler, Jan Van Humbeeck, Nicoleta Monica Lohan, Adrian-Liviu Paraschiva, Bogdan Istrate, Marius-Gabriel Suru.<\/li>\n<li style=\"text-align: justify;\">participarea la conferin\u021ba interna\u021bional\u0103 <b style=\"text-align: justify;\">UgalMat 2014<\/b><span style=\"text-align: justify;\">, Gala\u021bi, Romania, 29-31 mai, 2014, unde s-au sus\u021binut, sub form\u0103 de poster lucr\u0103rile:<br \/>\n<\/span>&#8211; Bogdan PRICOP, Nicoleta Monica LOHAN, Firu\u021ba BORZA, Nicoleta LUPU, Marius-Gabriel SURU, Elena MIHALACHE, Radu Ioachim COM\u0102NECI, Leandru-Gheorghe BUJOREANU, <i style=\"text-align: justify;\">STRUCTURAL CHANGES ASSOCIATED WITH THE PSEUDOELASTIC RESPONSE OF Fe-BASED SHAPE MEMORY ALLOYS;<br \/>\n<\/i>&#8211; Elena MIHALACHE, Monica-Nicoleta LOHAN, Bogdan PRICOP, Leandru-Gheorghe BUJOREANU, Marius-Gabriel SURU, <i style=\"text-align: justify;\">COMPARATIVE CHARACTERISTICS OF MARTENSITE AND BAINITE IN Cu-BASED SMAS.<\/i><\/li>\n<li style=\"text-align: justify;\">participarea la <b style=\"text-align: justify;\">International Conference on Martensitic Transformations<\/b><span style=\"text-align: justify;\">, ICOMAT 2014, <\/span><b style=\"text-align: justify;\">6-11 iulie<\/b><span style=\"text-align: justify;\"> 2014, <\/span><b style=\"text-align: justify;\">Bilbao<\/b><span style=\"text-align: justify;\">, Spania, unde s-au sus\u021binut lucr\u0103rile:<br \/>\n<\/span>&#8211; prezentarea oral\u0103 \u201e<i style=\"text-align: justify;\">A Study of Martensite Formation in Powder Metallurgy Fe-Mn-Si-Cr-Ni Shape Memory Alloys<\/i><span style=\"text-align: justify;\">\u201d, autori: 1.\u00a0\u00a0\u00a0 B. Pricop, U. S\u00f6yler, B. \u00d6zkal, M.G. Suru, N.M. Lohan, R.I. Com\u0103neci, N. Cimpoe\u0219u, V.Mu\u0219at, G. Gur\u0103u, B. Istrate, E. Mihalache, L.G. Bujoreanu;<\/span><\/li>\n<li style=\"text-align: justify;\">prezentare sub form\u0103 de poster \u201eComparative Evolution of Surface Relieves of Stress-Induced Martensite Plates in Shape Memory Alloys with Different Crystalline Structures\u201d, autori: M.G. Suru, C. Moro\u0219anu, R.I. Com\u0103neci, E. Mihalache, B. Pricop, N.M. Lohan, C. Baciu, L.G. Bujoreanu.<\/li>\n<li style=\"text-align: justify;\">participarea <b style=\"text-align: justify;\">la 9th International Conference in Materials Science and Engineering<\/b><span style=\"text-align: justify;\"> BraMat 2015, <\/span><b style=\"text-align: justify;\">Bra\u0219ov<\/b><span style=\"text-align: justify;\">, Romania, 5-7.03.2015 unde s-au sus\u021binut:<br \/>\n<\/span>&#8211; prezentarea oral\u0103 \u201e<i style=\"text-align: justify;\">Development of shape memory and superelastic applications of some experimental alloys<\/i><span style=\"text-align: justify;\">\u201d, II.O19, autor Leandru-Gheorghe BUJOREANU;<br \/>\n<\/span>&#8211; prezentarea sub form\u0103 de poster \u201e<i style=\"text-align: justify;\">THERMOMECHANICAL PROCESSING EFFECTS ON THE MARTENSITIC TRANSFORMATION IN Fe-based SMAs<\/i><span style=\"text-align: justify;\">\u201eII.P.61, autori E. Mihalache, F. Borza, N. Lupu, N. M. Lohan, B. Pricop, M.-G. Suru, L.-G. Bujoreanu;<br \/>\n<\/span>&#8211; prezentarea sub form\u0103 de poster \u201e<i style=\"text-align: justify;\">A study of R-phase transition and temperature memory effect in a commercial Nitinol wire<\/i><span style=\"text-align: justify;\">\u201d, II.P.53, autori:Monica-Nicoleta LOHAN, Elena MIHALACHE, Bogdan PRICOP, , Marius-Gabriel SURU, Leandru-Gheorghe BUJOREANU;<br \/>\n<\/span>&#8211; prezentarea sub form\u0103 de poster \u201e<i style=\"text-align: justify;\">Thermal analysis of eutectic alloy at HBC fuses\u201d<\/i><span style=\"text-align: justify;\">, V.P.14, autori: L.-G. Bujoreanu, N. M. Lohan, M.-G. Suru, A. Ple\u0219ca.<\/span><\/li>\n<li style=\"text-align: justify;\">participarea la conferin\u021ba interna\u021bional\u0103 <b style=\"text-align: justify;\">High Temperature Shape Memory Alloys<\/b><span style=\"text-align: justify;\">, HTSMAs 2015, <\/span><b style=\"text-align: justify;\">5-8.05.2015<\/b><span style=\"text-align: justify;\">, <\/span><b style=\"text-align: justify;\">Wildbad Kreuth<\/b><span style=\"text-align: justify;\">, Bayern, Germany, unde s-au sus\u021binut urm\u0103toarele prezent\u0103ri sub form\u0103 de poster lucr\u0103rile:<br \/>\n<\/span>&#8211; \u201e<i style=\"text-align: justify;\">Structural-Morphological Fluctuations Induced by Thermomechanical Processing in a FeMnSi-based Shape Memory Alloy<\/i><span style=\"text-align: justify;\">\u201d, autori: N. Cimpoe\u0219u, E. Mihalache, B. Pricop, N.-M. Lohan, M.G. Suru, R.I. Com\u0103neci, B. \u00d6zkal, L.G. Bujoreanu;<br \/>\n<\/span>&#8211; \u201e<i style=\"text-align: justify;\">Evaluation of Pre-straining Degree Effects on the Dimensions of Stress Induced Martensite Plates in Fe-Mn-Si Based SMAs<\/i><span style=\"text-align: justify;\">\u201d, autori: M.-G. Suru, N.-M. Lohan, E. Mihalache, B. Pricop, R.I. Com\u0103neci, C. Baciu, L.-G. Bujoreanu.<\/span><\/li>\n<li style=\"text-align: justify;\">participarea la <b style=\"text-align: justify;\">International Conference on Frontiers in Materials Processing, Applications, Research and Technology<\/b><span style=\"text-align: justify;\">, FiMPART 2015, <\/span><b style=\"text-align: justify;\">June 12-15 2015<\/b><span style=\"text-align: justify;\">, <\/span><b style=\"text-align: justify;\">Hyderabad<\/b><span style=\"text-align: justify;\">, India, unde s-au sus\u021binut prezentarea oral\u0103: \u201e<\/span><i style=\"text-align: justify;\">Structural and chemical variations induced by thermomechanical cycling in shape memory actuators<\/i><span style=\"text-align: justify;\">\u201d, autori: Leandru-Gheorghe BUJOREANU, Bogdan PRICOP, Nicoleta Monica LOHAN, Marius-Gabriel SURU, Bogdan ISTRATE.<\/span><\/li>\n<li style=\"text-align: justify;\">participarea la conferin\u021ba interna\u021bional\u0103 <b style=\"text-align: justify;\">European Symposium on Martensitic Transformations<\/b><span style=\"text-align: justify;\">, ESOMAT 2015, <\/span><b style=\"text-align: justify;\">14-18 September, 2015<\/b><span style=\"text-align: justify;\">, <\/span><b style=\"text-align: justify;\">Antwerp,<\/b><span style=\"text-align: justify;\"> Belgium, unde s-au sus\u021binut:<br \/>\n<\/span>&#8211; prezentarea sub form\u0103 de poster \u201ePowder metallurgy and mechanical alloying effects on the formation of thermally induced martensite in an FeMnSiCrNi SMA\u201d, autori: Bogdan Pricop, Elena Mihalache, Monica-Nicoleta Lohan, Bogdan Istrate, Mihai Mocanu, Burak Ozkal, Leandru-Gheorghe Bujoreanu;<br \/>\n&#8211; prezentarea sub form\u0103 de poster \u201e<i style=\"text-align: justify;\">Thermal analysis of processing effects in CuZnAl SMAs<\/i><span style=\"text-align: justify;\">\u201d, autori: N.M. Lohan, B. Pricop, M. G. Suru, E. Mihalache, L.G. Bujoreanu;<br \/>\n<\/span>&#8211; prezentarea sub form\u0103 de poster \u201e<i style=\"text-align: justify;\">Dynamic mechanical analysis of phase structure effects on cyclic thermomechanical behavior of a Cu-Al-Ni SMA<\/i><span style=\"text-align: justify;\">\u201d, autori: Marius-Gabriel Suru, Nicoleta-Monica Lohan, Bogdan Pricop, Nicanor Cimpoe\u0219u, Leandru-Gheorghe Bujoreanu.<\/span><\/li>\n<li style=\"text-align: justify;\">participarea la conferin\u021ba interna\u021bional\u0103 <b style=\"text-align: justify;\">The 25th Symposium on Thermal Analysis and Calorimetry\u2013Eugen SEGAL<\/b><span style=\"text-align: justify;\"> Bucure\u0219ti, 15.04.2016 unde s-au sus\u021binut prezentarea oral\u0103 \u201e<\/span><i style=\"text-align: justify;\">Using DSC for the detection of diffusion-controlled phenomena in Cu-based shape memory alloys\u201d, <\/i><span style=\"text-align: justify;\">autori Monica-Nicoleta Lohan, Bogdan Pricop, Lucian Burlacu, Leandru-Gheorghe Bujoreanu.<\/span><\/li>\n<li style=\"text-align: justify;\">participarea la conferin\u021ba interna\u021bional\u0103 <b style=\"text-align: justify;\">5th International Conference Smart and Multifunctional Materials, Structures and Systems<\/b><span style=\"text-align: justify;\">, CIMTEC 2016, 5-9.06.2016, Perugia, Italia, unde s-a sus\u021binut prezentarea oral\u0103: Structural <\/span><i style=\"text-align: justify;\">Effects of Thermomechanical Processing on the Static and Dynamic Responses of Powder Metallurgy Fe-Mn-Si Based Shape Memory <\/i><span style=\"text-align: justify;\">autori: Elena Mihalache, Bogdan Pricop, Radu Ioachim Com\u0103neci, Marius-Gabriel Suru, Nicoleta-Monica Lohan, Mihai Mocanu, Burak \u00d6zkal \u0219i Leandru-Gheorghe Bujoreanu.<\/span><\/li>\n<\/ol>\n","protected":false},"excerpt":{"rendered":"<p>Lucr\u0103ri publicate \u00a0B. PRICOP, B. \u00d6ZKAL, U. S\u00d6YLER, J. VAN HUMBEECK, N. M. LOHAN, M. G. SURU, L.-G. BUJOREANU, Influence of mechanically alloyed fraction and hot rolling temperature in the last pass on the structure of Fe-14Mn-6Si-9Cr-5Ni (mass. %) shape memory alloys processed by powder metallurgy, Optoelectronics and Advanced Materials \u2013 Rapid Communications, Vol. 8, [&hellip;]<\/p>\n","protected":false},"author":1,"featured_media":0,"parent":0,"menu_order":5,"comment_status":"closed","ping_status":"closed","template":"","meta":[],"_links":{"self":[{"href":"http:\/\/www.novelsmmigratom.tuiasi.ro\/index.php?rest_route=\/wp\/v2\/pages\/171"}],"collection":[{"href":"http:\/\/www.novelsmmigratom.tuiasi.ro\/index.php?rest_route=\/wp\/v2\/pages"}],"about":[{"href":"http:\/\/www.novelsmmigratom.tuiasi.ro\/index.php?rest_route=\/wp\/v2\/types\/page"}],"author":[{"embeddable":true,"href":"http:\/\/www.novelsmmigratom.tuiasi.ro\/index.php?rest_route=\/wp\/v2\/users\/1"}],"replies":[{"embeddable":true,"href":"http:\/\/www.novelsmmigratom.tuiasi.ro\/index.php?rest_route=%2Fwp%2Fv2%2Fcomments&post=171"}],"version-history":[{"count":15,"href":"http:\/\/www.novelsmmigratom.tuiasi.ro\/index.php?rest_route=\/wp\/v2\/pages\/171\/revisions"}],"predecessor-version":[{"id":458,"href":"http:\/\/www.novelsmmigratom.tuiasi.ro\/index.php?rest_route=\/wp\/v2\/pages\/171\/revisions\/458"}],"wp:attachment":[{"href":"http:\/\/www.novelsmmigratom.tuiasi.ro\/index.php?rest_route=%2Fwp%2Fv2%2Fmedia&parent=171"}],"curies":[{"name":"wp","href":"https:\/\/api.w.org\/{rel}","templated":true}]}}