{"id":188,"date":"2014-11-27T12:54:19","date_gmt":"2014-11-27T10:54:19","guid":{"rendered":"http:\/\/www.novelsmmigratom.tuiasi.ro\/?page_id=188"},"modified":"2014-11-27T14:44:13","modified_gmt":"2014-11-27T12:44:13","slug":"etapa-ii","status":"publish","type":"page","link":"http:\/\/www.novelsmmigratom.tuiasi.ro\/?page_id=188","title":{"rendered":"Etapa II"},"content":{"rendered":"<p align=\"center\"><span style=\"color: #993300;\"><b>2.1 Eviden\u021bierea form\u0103rii reversibile a martensitei induse prin tensiune la probele 10_MA<\/b><\/span><\/p>\n<p align=\"center\"><span style=\"color: #993300;\"><b>2.1.1. Ob\u021binerea geometriei probelor<\/b><\/span><\/p>\n<p style=\"text-align: justify;\">Pentru experimente, probele sinterizate au fost laminate la cald, la 1060<sup>0<\/sup>C. Dup\u0103 \u0219ase treceri, grosimea probelor a sc\u0103zut de la 4 la 0,9 mm. Setul de probe 10_MA, laminate, au avut configura\u021biile conform Fig.2.1.<\/p>\n<p align=\"center\"><a href=\"http:\/\/www.novelsmmigratom.tuiasi.ro\/wp-content\/uploads\/2013\/13\/2,1.gif\"><img loading=\"lazy\" alt=\"Figura_1\" src=\"http:\/\/www.novelsmmigratom.tuiasi.ro\/wp-content\/uploads\/2013\/13\/2,1.gif\" width=\"600\" height=\"400\" \/><\/a><\/p>\n<p align=\"center\"><i>Fig.2.1 Set de probe 10_MA, laminate, cu grosimi de 0,9 mm<\/i><\/p>\n<p align=\"center\"><span style=\"color: #993300;\"><b>2.1.2. Ob\u021binerea martensitei induse prin temperatur\u0103<\/b><\/span><\/p>\n<p style=\"text-align: justify;\">Pentru eviden\u021bierea prezen\u021bei martensitei induse prin temperatur\u0103, \u00een urma c\u0103lirii de punere \u00een solu\u021bie, por\u021biunea calibrat\u0103 a unei probe <i>OPM<\/i>, tratat\u0103 termic la 700<sup>0<\/sup>C, a fost debitat\u0103 \u0219i cur\u0103\u021bat\u0103 mecanic, cu r\u0103cire cu ap\u0103. Apoi, proba a fost analizat\u0103 prin difrac\u021bie de raze X, cu ajutorul unui difractometru tip Expert PRO MPD. M\u0103sur\u0103torile s-au efectuat cu o radia\u021bie Cu-K<sub>\u03b1<\/sub>, pe un interval de 30 &#8211; 100\u00b0 al unghiului 2\u03b8. Rezultatul este prezentat sub forma difractogramei din Fig.2.2.<\/p>\n<p align=\"center\"><a href=\"http:\/\/www.novelsmmigratom.tuiasi.ro\/wp-content\/uploads\/2013\/13\/2,2.gif\"><img loading=\"lazy\" alt=\"Figura_2\" src=\"http:\/\/www.novelsmmigratom.tuiasi.ro\/wp-content\/uploads\/2013\/13\/2,2.gif\" width=\"400\" height=\"400\" \/><\/a><\/p>\n<p align=\"center\"><i>Fig.2.2. Difractogram\u0103 tipic\u0103 de raze X a unei probe 10_MA c\u0103lit\u0103 de punere \u00een solu\u021bie la 700<sup>0<\/sup>C.<\/i><\/p>\n<p align=\"center\"><span style=\"color: #993300;\"><b>2.1.3. \u00cencercarea la trac\u021biune<\/b><\/span><\/p>\n<p style=\"text-align: justify;\">\u00cen vederea \u00eencerc\u0103rii la trac\u021biune s-au utilizat epruvete <i>OPM<\/i> \u0219i <i>opm<\/i> care au fost cur\u0103\u021bate prin \u0219lefuire \u0219i lustruire, cu ajutorul unor ma\u0219ini speciale pentru aceste opera\u021bii, de tip METKON.<\/p>\n<p style=\"text-align: justify;\">\u00cencercarea la trac\u021biune s-a efectuat p\u00e2n\u0103 la rupere, \u00een scopul determin\u0103rii comportamentului materialului analizat. Fiind vorba despre epruvete cu sec\u021biuni transversale diferite, <i>OPM<\/i> = 4x(0,3-0,5)mm iar <i>opm<\/i> = 2x(0,3-0,5)mm, comportamentele \u0219i nivele atinse ale tensiunii \u0219i deforma\u021biei au fost diferite pentru cele dou\u0103 tipuri de probe. Fig.2.3 prezint\u0103 curbele de rupere ale celor dou\u0103 tipuri de epruvete, \u00eenaintea aplic\u0103rii tratamentului termic.<\/p>\n<p align=\"center\"><a href=\"http:\/\/www.novelsmmigratom.tuiasi.ro\/wp-content\/uploads\/2013\/13\/2,3.gif\"><img loading=\"lazy\" alt=\"Figura_3\" src=\"http:\/\/www.novelsmmigratom.tuiasi.ro\/wp-content\/uploads\/2013\/13\/2,3.gif\" width=\"400\" height=\"400\" \/><\/a><\/p>\n<p align=\"center\"><i>Fig.2.3 Curbe de rupere ale epruvetelor <i>OPM <\/i>\u0219i <i>opm<\/i> netratate termic<\/i><\/p>\n<p align=\"center\"><span style=\"color: #993300;\"><b>2.1.4. Ob\u021binerea martensitei induse prin tensiune (MIT)<\/b><\/span><\/p>\n<p style=\"text-align: justify;\">Inducerea prin tensiune a martensitei s-a efectuat printr-o \u00eenc\u0103rcare \u0219i o desc\u0103rcare la trac\u021biune. \u0218tiind c\u0103 nivelul maxim recomandat al deforma\u021biei este de 4 %, s-au utilizat datele din sec\u021biunea precedent\u0103 pentru ob\u021binerea unor alungiri remanente \u00een jur de maximum 4 % dar din ce \u00een ce mai mari, ceea ce \u00eenseamn\u0103 c\u0103 alungirea maxim\u0103 (total\u0103) a fost mai mare.<\/p>\n<p style=\"text-align: justify;\">Pentru a testa ductilitate probelor <i>opm<\/i> s-au aplicat pretension\u0103ri p\u00e2n\u0103 la 5% \u0219i 6 %, conform Fig.2.4.<\/p>\n<p align=\"center\"><a href=\"http:\/\/www.novelsmmigratom.tuiasi.ro\/wp-content\/uploads\/2013\/13\/2,4.gif\"><img loading=\"lazy\" alt=\"Figura_4\" src=\"http:\/\/www.novelsmmigratom.tuiasi.ro\/wp-content\/uploads\/2013\/13\/2,4.gif\" width=\"600\" height=\"400\" \/><\/a><\/p>\n<p align=\"center\"><i>Fig.2.4 Curbe de pretensionare la trac\u021biune ale probelor <i>opm<\/i>: (a) p\u00e2n\u0103 la alungirea maxim\u0103 de 5 %; (b) p\u00e2n\u0103 la alungirea maxim\u0103 de 6 %<\/i><\/p>\n<p style=\"text-align: justify;\">Curbele tensiune-deforma\u021bie al probelor <i>opm<\/i> confirm\u0103 tenacitatea superioar\u0103 a acestei configura\u021bii, dac\u0103 se \u021bine cont c\u0103 probele <i>OPM<\/i> sunt mai rigide \u0219i ating nivele mai mari ale tensiunii, la aceea\u0219i alungire.<\/p>\n<p align=\"center\"><span style=\"color: #993300;\"><b>2.1.5. Identificarea martensitei induse prin tensiune (MIT)<\/b><\/span><\/p>\n<p style=\"text-align: justify;\">Pentru identificarea martensitei induse prin tensiune, s-au utilizat difrac\u021bia de raze X, microscopia optic\u0103 \u0219i electronic\u0103 cu baleiaj. Analiza structural\u0103 calitativ\u0103 \u0219i cantitativ\u0103 prin difrac\u021bie de raze X s-a efectuat pe por\u021biunea 2\u03b8 = 40 \u2013 100<sup>0<\/sup>.<\/p>\n<p align=\"center\"><a href=\"http:\/\/www.novelsmmigratom.tuiasi.ro\/wp-content\/uploads\/2013\/13\/2,5.gif\"><img loading=\"lazy\" alt=\"Figura_5\" src=\"http:\/\/www.novelsmmigratom.tuiasi.ro\/wp-content\/uploads\/2013\/13\/2,5.gif\" width=\"600\" height=\"400\" \/><\/a><\/p>\n<p align=\"center\"><i>Fig.2.5 Difractograme de raze X ale probelor 10_MA_700 de tip <i>OPM<\/i> c\u0103lite prin punere \u00een solu\u021bie la 700<sup>0<\/sup>C<\/i><\/p>\n<p style=\"text-align: justify;\">Se \u0219tie c\u0103 la AMF pe baz\u0103 de Fe-Mn-Si martensita \u03b5, esen\u021bial\u0103 pentru eviden\u021bierea efectului simplu de memoria formei, se poate forma at\u00e2t prin c\u0103lire c\u00e2t \u0219i prin tensiune. La cre\u0219terea tensiunii aplicate, pl\u0103cile de martensit\u0103 \u03b5 se intersecteaz\u0103 \u0219i \u00een zonele de intersec\u021bie ia na\u0219tere martensita \u03b1\u2019. \u00cen plus, pentru a putea juca un rol \u00een apari\u021bia fenomenelor de memoria formei, martensita \u03b5 trebuie s\u0103 ocupe o propor\u021bie de minimum 5 %.<\/p>\n<p style=\"text-align: justify;\">Cre\u0219terea gradului de pretensionare a produs modific\u0103ri ale aspectului structural. Fig.2.6 prezint\u0103 micrografia optic\u0103 a unei probe 10_MA_1100 pretensionat\u0103 cu 3,08 %.<\/p>\n<p align=\"center\"><a href=\"http:\/\/www.novelsmmigratom.tuiasi.ro\/wp-content\/uploads\/2013\/13\/2,6.gif\"><img loading=\"lazy\" alt=\"Figura_6\" src=\"http:\/\/www.novelsmmigratom.tuiasi.ro\/wp-content\/uploads\/2013\/13\/2,6.gif\" width=\"600\" height=\"400\" \/><\/a><\/p>\n<p align=\"center\"><i>Fig.2.6 Micrografie optic\u0103 a probei 10_MA_1100, pretensionat\u0103 cu 3,08 %<\/i><\/p>\n<p style=\"text-align: justify;\">Ca urmare a cre\u0219terii gradului de pretensionare, se remarc\u0103 apari\u021bia morfologiei \u201etriunghiulare\u201d, specific\u0103 martensitei \u03b5. S\u0103ge\u021bile marcheaz\u0103 urmele pl\u0103cilor de martensit\u0103 paralele cu planele {111}.<\/p>\n<p style=\"text-align: justify;\">Pentru a observa detaliile microstructurilor martensitice s-au \u00eenregistrat o serie de micrografii SEM. Fig.2.7 prezint\u0103 o micrografie SEM a probei pretensionate cu 1,52 %.<\/p>\n<p align=\"center\"><a href=\"http:\/\/www.novelsmmigratom.tuiasi.ro\/wp-content\/uploads\/2013\/13\/2,7.gif\"><img loading=\"lazy\" alt=\"Figura_7\" src=\"http:\/\/www.novelsmmigratom.tuiasi.ro\/wp-content\/uploads\/2013\/13\/2,7.gif\" width=\"400\" height=\"400\" \/><\/a><\/p>\n<p style=\"text-align: center;\" align=\"center\"><i>Fig.2.7 Micrografie SEM a probei c\u0103lite la 1100<sup>0<\/sup>C, dup\u0103 pretensionare cu 1,52 %;<\/i><\/p>\n<p style=\"text-align: justify;\">Micrografia SEM prezint\u0103 pl\u0103ci de martensit\u0103 cu orientare comun\u0103 \u0219i grosimi variabile. Astfel, pl\u0103cile din partea inferioar\u0103 a micrografiei au l\u0103\u021bimi de ordinul micrometrilor \u0219i lungimi variabile. Limita de gr\u0103unte este rectilinie \u0219i inclinat\u0103, nefiind traversat\u0103 de niciuna dintre pl\u0103cile de martensit\u0103. \u00cen partea de sus a micrografiei, se observ\u0103 rela\u021bia dintre pl\u0103cile fine de martensit\u0103 \u0219i o macl\u0103 de recoacere. Prin aspectul lor \u0219i grosimea relativ ridicat\u0103, pl\u0103cile din Fig.2.7 pot fi identificate ca apar\u021bin\u00e2nd fazei \u03b1\u2019.<\/p>\n<p align=\"center\"><span style=\"color: #993300;\"><b>2.1.6. Reversia martensitei induse prin tensiune<\/b><\/span><\/p>\n<p style=\"text-align: justify;\">Reversia (retransformarea) \u00een austenit\u0103 a martensitei indus\u0103 prin tensiune (care st\u0103 la baza fenomenelor de memoria formei la AMF pe baz\u0103 de Fe-Mn-Si) este \u00eenso\u021bit\u0103 de absorb\u021bia unei cantit\u0103\u021bi de c\u0103ldur\u0103 (fenomen endoterm). \u00cen cazul de fa\u021b\u0103, aceast\u0103 cantitate a fost de 3,349 J\/g.<\/p>\n<p align=\"center\"><span style=\"color: #993300;\"><b>2.1.7. Corelarea rezultatelor legate de formarea \u0219i reversia MIT<\/b><\/span><\/p>\n<p style=\"text-align: justify;\">Concluziile acestui studiu corelativ sunt urm\u0103toarele:<\/p>\n<ul>\n<li style=\"text-align: justify;\">Probele de Fe-14Mn-6Si-9Cr-5Ni (%m) ob\u021binute prin metalurgia pulberilor \u0219i con\u021bin\u00e2nd 10 % pulbere aliat\u0103 mecanic, au prezentat o cantitate ini\u021bial\u0103 variind \u00eentre aproape 19 \u0219i 79 % martensit\u0103 \u03b1\u2019;<\/li>\n<li style=\"text-align: justify;\">Cre\u0219terea alungirii aplicate a fost \u00eenso\u021bit\u0103 de tendin\u021b\u0103 global\u0103 de cre\u0219tere ale cantit\u0103\u021bilor de martensit\u0103 \u03b5 \u0219i austenit\u0103 \u03b3 \u0219i de sc\u0103dere a martensitei \u03b1\u2019.<\/li>\n<\/ul>\n<p align=\"center\"><span style=\"color: #993300;\"><b>2.1.8. Analiza mecano-dinamic\u0103 (DMA) la scanare termic\u0103<\/b><\/span><\/p>\n<p style=\"text-align: justify;\">Analiza mecano-dinamic\u0103 (DMA) a fost efectuat\u0103 pe probele de tip D, cu ajutorul unui termograf DMA 242 E NETZSCH. Probele tratate termic au fost analizate utiliz\u00e2nd dispozitivul de prindere cu \u00eencovoiere \u00een trei puncte (<i>En.: three point bending<\/i>), probele fiind \u00eenc\u0103lzite sub atmosfer\u0103 protectoare p\u00e2n\u0103 la 500<sup>0<\/sup>C. Rezultatele au fost \u00eenregistrate sub forma varia\u021biilor modulului de \u00eenmagazinare (E\u2019) \u0219i ale frec\u0103rii interne (tan d) \u00een func\u021bie de temperatur\u0103 (T).<\/p>\n<p align=\"center\"><a href=\"http:\/\/www.novelsmmigratom.tuiasi.ro\/wp-content\/uploads\/2013\/13\/2,8.gif\"><img loading=\"lazy\" alt=\"Figura_8\" src=\"http:\/\/www.novelsmmigratom.tuiasi.ro\/wp-content\/uploads\/2013\/13\/2,8.gif\" width=\"600\" height=\"400\" \/><\/a><\/p>\n<p style=\"text-align: center;\"><i>Fig. 2.8 Varia\u021bia modulului de \u00eenmagazinare cu temperatura<\/i><\/p>\n<p align=\"center\"><a href=\"http:\/\/www.novelsmmigratom.tuiasi.ro\/wp-content\/uploads\/2013\/13\/2,9.gif\"><img loading=\"lazy\" alt=\"Figura_9\" src=\"http:\/\/www.novelsmmigratom.tuiasi.ro\/wp-content\/uploads\/2013\/13\/2,9.gif\" width=\"600\" height=\"400\" \/><\/a><\/p>\n<p style=\"text-align: center;\"><i>Fig. 2.9 Varia\u021bia frec\u0103rii interne cu temperatura<\/i><\/p>\n<p style=\"text-align: center;\"><span style=\"color: #993300;\"><b>2.2 Eviden<\/b><strong>\u021b<\/strong><b>ierea form\u0103rii reversibile a martensitei induse prin tensiune la probele 20_MA<\/b><\/span><\/p>\n<p align=\"center\"><span style=\"color: #993300;\"><b>2.2.1. Ob\u021binerea geometriei probelor<\/b><b><\/b><\/span><\/p>\n<p style=\"text-align: justify;\">Pentru ob\u021binerea geometriei probelor s-au utilizat acelea\u0219i metode de prelucrare, ca la etapele precedente, const\u00e2nd din laminare la cald, t\u0103iere prin electroeroziune \u0219i tratament termic de c\u0103lire de punere \u00een solu\u021bie.<\/p>\n<p style=\"text-align: justify;\">Pl\u0103cile laminate au fost \u0219lefuite brut, cu h\u00e2rtie abraziv\u0103 din ce \u00een ce mai fin\u0103 pentru a \u00eendep\u0103rta stratul de oxizi \u0219i a \u00eembun\u0103t\u0103\u021bi contactul electric, dup\u0103 care au fost t\u0103iate prin electroeroziune, cu fir. Fig.2.10 prezint\u0103 o succesiune de etape din cadrul procesului de ob\u021binere a geometriei probelor, cu diferite configura\u021bii.<\/p>\n<p align=\"center\"><a href=\"http:\/\/www.novelsmmigratom.tuiasi.ro\/wp-content\/uploads\/2013\/13\/2,10.gif\"><img loading=\"lazy\" alt=\"Figura_10\" src=\"http:\/\/www.novelsmmigratom.tuiasi.ro\/wp-content\/uploads\/2013\/13\/2,10.gif\" width=\"600\" height=\"400\" \/><\/a><\/p>\n<p style=\"text-align: center;\"><i>Fig.2.10 Etape din cadrul procesului de ob\u021binere a geometriei probelor 20_MA: (a) probe laminate; (b) detaliu al ma\u0219inii de t\u0103iere prin electroeroziune cu fir, \u00een timpul func\u021bion\u0103rii; (c) \u00eenceput t\u0103ierii por\u021biunii calibrate a unei probe <i>OPM<\/i>; (d) sf\u00e2r\u0219itul t\u0103ierii por\u021biunii calibrate a unei probe <i>OPM<\/i>; (e) t\u0103ierea unui cap\u0103t de prindere al unei probe <i>opm<\/i>; (f) \u00eenceput t\u0103ierii unei probe <i>D<\/i>.<\/i><\/p>\n<p align=\"center\"><span style=\"color: #993300;\"><b>2.2.2. Ob\u021binerea martensitei induse prin temperatur\u0103<\/b><b><\/b><\/span><\/p>\n<p style=\"text-align: justify;\">Probele 20_MA, care con\u021bin 20 % pulbere aliat\u0103 mecanic, av\u00e2nd configura\u021biile <i>OPM<\/i>, <i>opm<\/i> \u0219i <i>D<\/i>, au fost tratate termic, timp de 5 minute, la temperaturile 700, 800, 900, 1000 \u0219i 1100<sup>0<\/sup>C. Fig.2.11 prezint\u0103 probele respective, \u00eenaintea tratamentului termic.<\/p>\n<p align=\"center\"><a href=\"http:\/\/www.novelsmmigratom.tuiasi.ro\/wp-content\/uploads\/2013\/13\/2,11.gif\"><img loading=\"lazy\" alt=\"Figura_11\" src=\"http:\/\/www.novelsmmigratom.tuiasi.ro\/wp-content\/uploads\/2013\/13\/2,11.gif\" width=\"600\" height=\"400\" \/><\/a><\/p>\n<p align=\"center\"><i>Fig.2.11 Setul de probe 20_MA \u00eenaintea tratamentului de c\u0103lirea de punere \u00een solu\u021bie<\/i><\/p>\n<p align=\"center\"><span style=\"color: #993300;\"><b>2.2.3. \u00cencercarea la trac\u021biune<\/b><b><\/b><\/span><\/p>\n<p style=\"text-align: justify;\">\u00cencercarea la trac\u021biune s-a efectuat mai \u00eent\u00e2i, pe probe netratate. Rezultatele apar \u00een Fig.2.12.<\/p>\n<p align=\"center\"><a href=\"http:\/\/www.novelsmmigratom.tuiasi.ro\/wp-content\/uploads\/2013\/13\/2,12.gif\"><img loading=\"lazy\" alt=\"Figura_12\" src=\"http:\/\/www.novelsmmigratom.tuiasi.ro\/wp-content\/uploads\/2013\/13\/2,12.gif\" width=\"400\" height=\"400\" \/><\/a><\/p>\n<p align=\"center\"><i>Fig.2.12 Curbe rupere la trac\u021biune ale probelor 20_MA netratate termic<\/i><\/p>\n<p style=\"text-align: justify;\">Dup\u0103 cum se observ\u0103, probele <i>OPM<\/i> se caracterizeaz\u0103 prin rezisten\u021b\u0103 iar probele <i>opm<\/i> prin tenacitate.<\/p>\n<p align=\"center\"><span style=\"color: #993300;\"><b>2.2.4. Ob\u021binerea martensitei induse prin tensiune<\/b><b><\/b><\/span><\/p>\n<p style=\"text-align: justify;\">Ca \u0219i \u00een cazul probelor 0_MA \u0219i 10_MA, probele <i>OPM<\/i> \u0219i <i>opm<\/i> au fost supuse unor cicluri de \u00eenc\u0103rcare-desc\u0103rcare la trac\u021biune, \u00een urma c\u0103rora au r\u0103mas cu anumite grade de alungire permanent\u0103. Aceast\u0103 deforma\u021bie aparent-plastic\u0103 este \u00eenso\u021bit\u0103 de formarea martensitei induse sub tensiune care, la AMF de tip Fe-Mn-Si, este stabil\u0103 dac\u0103 solicitarea s-a aplicat la o temperatur\u0103 situat\u0103 sub punctul critic A<sub>s<\/sub>.<\/p>\n<p align=\"center\"><a href=\"http:\/\/www.novelsmmigratom.tuiasi.ro\/wp-content\/uploads\/2013\/13\/2,13.gif\"><img loading=\"lazy\" alt=\"Figura_13\" src=\"http:\/\/www.novelsmmigratom.tuiasi.ro\/wp-content\/uploads\/2013\/13\/2,13.gif\" width=\"400\" height=\"400\" \/><\/a><\/p>\n<p align=\"center\"><i>Fig.2.13 Curbe de pretensionare cu 4 % a probelor <i>OPM<\/i> tratate termic<\/i><\/p>\n<p align=\"center\"><span style=\"color: #993300;\"><b>2.2.5. Identificarea martensitei induse prin tensiune<\/b><b><\/b><\/span><\/p>\n<p style=\"text-align: justify;\">Pentru identificarea martensitei induse prin tensiune s-au utilizat acelea\u0219i metode de analiz\u0103 structural\u0103: difrac\u021bia de raze X (XRD), microscopia optic\u0103 (OM) \u0219i microscopia electronic\u0103 cu baleiaj (SEM).<\/p>\n<p style=\"text-align: justify;\">Primele rezultate, \u00eenregistrate prin XRD, se refer\u0103 la probele tratate termic la 1000<sup>0<\/sup>C. Fig.2.14 prezint\u0103 difractograma de raze X (XRD) a probei 20_MA_1000.<\/p>\n<p align=\"center\"><a href=\"http:\/\/www.novelsmmigratom.tuiasi.ro\/wp-content\/uploads\/2013\/13\/2,14.gif\"><img loading=\"lazy\" alt=\"Figura_14\" src=\"http:\/\/www.novelsmmigratom.tuiasi.ro\/wp-content\/uploads\/2013\/13\/2,14.gif\" width=\"400\" height=\"400\" \/><\/a><\/p>\n<p align=\"center\"><i>Fig.2.14. Difractogram\u0103 tipic\u0103 de raze X a unei probe 20_MA c\u0103lit\u0103 de punere \u00een solu\u021bie la 1000<sup>0<\/sup>C, nedeformat\u0103<\/i><\/p>\n<p style=\"text-align: justify;\">Se observ\u0103 formarea prin c\u0103lire a unei cantit\u0103\u021bi importante de martensit\u0103 \u03b1\u2019, confirmat\u0103 prin maximele de difrac\u021bie independente \u03b1\u2019(110), \u03b1\u2019(200), \u03b1\u2019(211) \u0219i \u03b1\u2019(220).<\/p>\n<p style=\"text-align: justify;\">Pentru confirmarea tendin\u021bele globale, de formare indus\u0103 prin tensiune a martensitelor \u03b1\u2019 \u0219i \u03b5 s-au efectuat observa\u021bii microscopice la toate probele. Primele studii au fost ob\u021binute prin microscopiei optice (OM). Fig.2.15 prezint\u0103 efectele pretension\u0103rii asupra structurii probelor 20_MA_700.<\/p>\n<p align=\"center\"><a href=\"http:\/\/www.novelsmmigratom.tuiasi.ro\/wp-content\/uploads\/2013\/13\/2,15.gif\"><img loading=\"lazy\" alt=\"Figura_15\" src=\"http:\/\/www.novelsmmigratom.tuiasi.ro\/wp-content\/uploads\/2013\/13\/2,15.gif\" width=\"400\" height=\"400\" \/><\/a><\/p>\n<p align=\"center\"><i>Fig.2.15 Micrografii optice ale probelor 20_MA_700: (a) nedeformat\u0103; (b) pretensionare 1,89 %; (c) pretensionare 2,41 %<\/i><\/p>\n<p style=\"text-align: justify;\">Se poate constata c\u0103 la proba nedeformat\u0103, din Fig2.15(a), observ\u0103 doar pl\u0103ci izolate de martensit\u0103. Pretensionarea a produs o cre\u0219tere u\u0219oar\u0103 a cantit\u0103\u021bii de martensit\u0103 indus\u0103 prin tensiune, remarcabil\u0103 mai ales la proba alungit\u0103 cu 1,89 %, din Fig.2.15(b). La o pretensionare de 2,41 %, dup\u0103 cum arat\u0103 Fig.2.15(c), pl\u0103cile de martensit\u0103 devin foarte fine \u0219i nu se pot observa dec\u00e2t prin microscopie electronic\u0103, dup\u0103 cum se va arat\u0103 ulterior.<\/p>\n<p style=\"text-align: justify;\">Pentru observarea detaliilor pl\u0103cilor de martensit\u0103, s-au efectuat, \u00een continuare, studii prin microscopie SEM. \u00cen starea ini\u021bial\u0103, nedeformat\u0103, micrografia SEM din Fig.2.16(a) arat\u0103 c\u0103 proba 20_MA_700 prezint\u0103 foarte pu\u021bine pl\u0103ci de martensit\u0103. Dup\u0103 cre\u0219terea gradului de deformare la 1,89 %, \u00een por\u021biunea central\u0103 a Fig.2.16(b) se observ\u0103 apari\u021bia unui grup de pl\u0103ci de martensit\u0103, cu profil u\u0219or accentuat, ceea ce indic\u0103 \u00een\u0103l\u021bimi reduse ale pl\u0103cilor. Cre\u0219terea ulterioar\u0103 a gradului de pretensionare, la 2,41 %, a dus la cre\u0219terea \u00een\u0103l\u021bimii pl\u0103cilor, lucru confirmat prin accentuarea reliefului acestora, \u00een micrografia SEM din Fig.2.16(c), unde contrastul este mult mai puternic dec\u00e2t \u00een Fig.2.16(b).<\/p>\n<p align=\"center\"><a href=\"http:\/\/www.novelsmmigratom.tuiasi.ro\/wp-content\/uploads\/2013\/13\/2,16.gif\"><img loading=\"lazy\" alt=\"Figura_16\" src=\"http:\/\/www.novelsmmigratom.tuiasi.ro\/wp-content\/uploads\/2013\/13\/2,16.gif\" width=\"800\" height=\"400\" \/><\/a><\/p>\n<p align=\"center\"><i>Fig.2.16 Micrografii electronice SEM ale probelor 20_MA_700: (a) nedeformat\u0103, (b) pretensionare 1,89 %; (c) pretensionare 2,41 %<\/i><\/p>\n","protected":false},"excerpt":{"rendered":"<p>2.1 Eviden\u021bierea form\u0103rii reversibile a martensitei induse prin tensiune la probele 10_MA 2.1.1. Ob\u021binerea geometriei probelor Pentru experimente, probele sinterizate au fost laminate la cald, la 10600C. Dup\u0103 \u0219ase treceri, grosimea probelor a sc\u0103zut de la 4 la 0,9 mm. Setul de probe 10_MA, laminate, au avut configura\u021biile conform Fig.2.1. Fig.2.1 Set de probe 10_MA, [&hellip;]<\/p>\n","protected":false},"author":1,"featured_media":0,"parent":99,"menu_order":0,"comment_status":"closed","ping_status":"closed","template":"","meta":[],"_links":{"self":[{"href":"http:\/\/www.novelsmmigratom.tuiasi.ro\/index.php?rest_route=\/wp\/v2\/pages\/188"}],"collection":[{"href":"http:\/\/www.novelsmmigratom.tuiasi.ro\/index.php?rest_route=\/wp\/v2\/pages"}],"about":[{"href":"http:\/\/www.novelsmmigratom.tuiasi.ro\/index.php?rest_route=\/wp\/v2\/types\/page"}],"author":[{"embeddable":true,"href":"http:\/\/www.novelsmmigratom.tuiasi.ro\/index.php?rest_route=\/wp\/v2\/users\/1"}],"replies":[{"embeddable":true,"href":"http:\/\/www.novelsmmigratom.tuiasi.ro\/index.php?rest_route=%2Fwp%2Fv2%2Fcomments&post=188"}],"version-history":[{"count":7,"href":"http:\/\/www.novelsmmigratom.tuiasi.ro\/index.php?rest_route=\/wp\/v2\/pages\/188\/revisions"}],"predecessor-version":[{"id":198,"href":"http:\/\/www.novelsmmigratom.tuiasi.ro\/index.php?rest_route=\/wp\/v2\/pages\/188\/revisions\/198"}],"up":[{"embeddable":true,"href":"http:\/\/www.novelsmmigratom.tuiasi.ro\/index.php?rest_route=\/wp\/v2\/pages\/99"}],"wp:attachment":[{"href":"http:\/\/www.novelsmmigratom.tuiasi.ro\/index.php?rest_route=%2Fwp%2Fv2%2Fmedia&parent=188"}],"curies":[{"name":"wp","href":"https:\/\/api.w.org\/{rel}","templated":true}]}}