{"id":78,"date":"2013-12-16T14:36:05","date_gmt":"2013-12-16T12:36:05","guid":{"rendered":"http:\/\/www.novelsmmigratom.tuiasi.ro\/?page_id=78"},"modified":"2014-12-03T08:45:32","modified_gmt":"2014-12-03T06:45:32","slug":"home","status":"publish","type":"page","link":"http:\/\/www.novelsmmigratom.tuiasi.ro\/","title":{"rendered":"Home"},"content":{"rendered":"\n<!-- meta slider -->\n<div style=\"max-width: 500px; margin: 0 auto;\" class=\"metaslider metaslider-flex metaslider-47 ml-slider\">\n    <style type=\"text\/css\">\n        @import url('http:\/\/www.novelsmmigratom.tuiasi.ro\/wp-content\/plugins\/ml-slider\/assets\/metaslider\/public.css?ver=2.5.1');\n        @import url('http:\/\/www.novelsmmigratom.tuiasi.ro\/wp-content\/plugins\/ml-slider\/assets\/sliders\/flexslider\/flexslider.css?ver=2.5.1');\n    <\/style>\n    <div id=\"metaslider_container_47\">\n        <div id=\"metaslider_47\" class=\"flexslider\">\n            <ul class=\"slides\">\n                <li style=\"display: none;\"><img src=\"http:\/\/www.novelsmmigratom.tuiasi.ro\/wp-content\/uploads\/2013\/12\/20131018_133900-400x240.png\" height=\"300\" width=\"500\" class=\"slider-47 slide-74\" \/><\/li>\n                <li style=\"display: none;\"><img src=\"http:\/\/www.novelsmmigratom.tuiasi.ro\/wp-content\/uploads\/2013\/12\/20131023_114435-400x240.png\" height=\"300\" width=\"500\" class=\"slider-47 slide-73\" \/><\/li>\n                <li style=\"display: none;\"><img src=\"http:\/\/www.novelsmmigratom.tuiasi.ro\/wp-content\/uploads\/2013\/12\/20131023_173742-400x240.png\" height=\"300\" width=\"500\" class=\"slider-47 slide-72\" \/><\/li>\n                <li style=\"display: none;\"><img src=\"http:\/\/www.novelsmmigratom.tuiasi.ro\/wp-content\/uploads\/2013\/12\/Termograma-TT-439x263.png\" height=\"300\" width=\"500\" class=\"slider-47 slide-67\" \/><\/li>\n                <li style=\"display: none;\"><img src=\"http:\/\/www.novelsmmigratom.tuiasi.ro\/wp-content\/uploads\/2013\/12\/700_m-M-431x258.png\" height=\"300\" width=\"500\" class=\"slider-47 slide-75\" \/><\/li>\n                <li style=\"display: none;\"><img src=\"http:\/\/www.novelsmmigratom.tuiasi.ro\/wp-content\/uploads\/2013\/12\/Rupere-epruvete-mici-431x258.png\" height=\"300\" width=\"500\" class=\"slider-47 slide-66\" \/><\/li>\n                <li style=\"display: none;\"><img src=\"http:\/\/www.novelsmmigratom.tuiasi.ro\/wp-content\/uploads\/2013\/12\/100x-400x240.png\" height=\"300\" width=\"500\" class=\"slider-47 slide-76\" \/><\/li>\n                <li style=\"display: none;\"><img src=\"http:\/\/www.novelsmmigratom.tuiasi.ro\/wp-content\/uploads\/2013\/12\/5kx-400x240.png\" height=\"300\" width=\"500\" class=\"slider-47 slide-82\" \/><\/li>\n            <\/ul>\n        <\/div>\n    <\/div>\n    <script type=\"text\/javascript\">\n        var metaslider_47 = function($) {\n            $('#metaslider_47').flexslider({ \n                slideshowSpeed:3000,\n                animation:\"fade\",\n                controlNav:true,\n                directionNav:true,\n                pauseOnHover:false,\n                direction:\"horizontal\",\n                reverse:false,\n                animationSpeed:600,\n                prevText:\"<\",\n                nextText:\">\",\n                easing:\"linear\",\n                slideshow:true,\n                useCSS:false\n            });\n        };\n        var timer_metaslider_47 = function() {\n            var slider = !window.jQuery ? window.setTimeout(timer_metaslider_47, 100) : !jQuery.isReady ? window.setTimeout(timer_metaslider_47, 100) : metaslider_47(window.jQuery);\n        };\n        timer_metaslider_47();\n    <\/script>\n<\/div>\n<!--\/\/ meta slider-->\n<p><em><strong>Nume proiect:<\/strong><\/em><\/p>\n<blockquote><p>Nou\u0103 metod\u0103 de \u00eembunat\u0103\u021bire a\u00a0propriet\u0103\u021bilor\u00a0de memoria\u00a0formei\u00a0prin controlul migra\u021biei atomice<\/p><\/blockquote>\n<p><em><strong>Codul proiectului:<\/strong><\/em><\/p>\n<blockquote><p>PN-II-ID-PCE-2012-4-0033<\/p><\/blockquote>\n<p><em><strong>Nr. de contract:<\/strong><\/em><\/p>\n<blockquote><p>13\/2013<\/p><\/blockquote>\n<p><em><strong>Durata proiectului:<\/strong><\/em><\/p>\n<blockquote><p>02\/09\/2013 &#8211;\u00a030\/11\/2015<\/p><\/blockquote>\n<p><em><strong>Surs\u0103 finan\u021bare:<\/strong><\/em><\/p>\n<blockquote><p>Bugetul de stat<\/p><\/blockquote>\n<p><em><strong>\u00a0<\/strong><\/em><em><strong>Director proiect:<\/strong><\/em><\/p>\n<blockquote><p><em>\u00a0Leandru-Gheorghe BUJOREANU<\/em><\/p><\/blockquote>\n","protected":false},"excerpt":{"rendered":"<p>Nume proiect: Nou\u0103 metod\u0103 de \u00eembunat\u0103\u021bire a\u00a0propriet\u0103\u021bilor\u00a0de memoria\u00a0formei\u00a0prin controlul migra\u021biei atomice Codul proiectului: PN-II-ID-PCE-2012-4-0033 Nr. de contract: 13\/2013 Durata proiectului: 02\/09\/2013 &#8211;\u00a030\/11\/2015 Surs\u0103 finan\u021bare: Bugetul de stat \u00a0Director proiect: \u00a0Leandru-Gheorghe BUJOREANU<\/p>\n","protected":false},"author":1,"featured_media":0,"parent":0,"menu_order":0,"comment_status":"closed","ping_status":"closed","template":"","meta":[],"_links":{"self":[{"href":"http:\/\/www.novelsmmigratom.tuiasi.ro\/index.php?rest_route=\/wp\/v2\/pages\/78"}],"collection":[{"href":"http:\/\/www.novelsmmigratom.tuiasi.ro\/index.php?rest_route=\/wp\/v2\/pages"}],"about":[{"href":"http:\/\/www.novelsmmigratom.tuiasi.ro\/index.php?rest_route=\/wp\/v2\/types\/page"}],"author":[{"embeddable":true,"href":"http:\/\/www.novelsmmigratom.tuiasi.ro\/index.php?rest_route=\/wp\/v2\/users\/1"}],"replies":[{"embeddable":true,"href":"http:\/\/www.novelsmmigratom.tuiasi.ro\/index.php?rest_route=%2Fwp%2Fv2%2Fcomments&post=78"}],"version-history":[{"count":8,"href":"http:\/\/www.novelsmmigratom.tuiasi.ro\/index.php?rest_route=\/wp\/v2\/pages\/78\/revisions"}],"predecessor-version":[{"id":206,"href":"http:\/\/www.novelsmmigratom.tuiasi.ro\/index.php?rest_route=\/wp\/v2\/pages\/78\/revisions\/206"}],"wp:attachment":[{"href":"http:\/\/www.novelsmmigratom.tuiasi.ro\/index.php?rest_route=%2Fwp%2Fv2%2Fmedia&parent=78"}],"curies":[{"name":"wp","href":"https:\/\/api.w.org\/{rel}","templated":true}]}}